{"id":523,"date":"2020-02-12T19:16:00","date_gmt":"2020-02-12T18:16:00","guid":{"rendered":"https:\/\/trepatavogados.com\/cookies\/"},"modified":"2026-03-08T16:34:54","modified_gmt":"2026-03-08T15:34:54","slug":"cookies-3","status":"publish","type":"page","link":"https:\/\/trepatavogados.com\/es\/cookies-3\/","title":{"rendered":"Cookies"},"content":{"rendered":"<div class=\"et_pb_section_0 et_pb_section et_section_regular et_block_section\"><div class=\"et_pb_row_0 et_pb_row et_block_row\"><div class=\"et_pb_column_0 et_pb_column et_pb_column_4_4 et-last-child et_block_column et_pb_css_mix_blend_mode_passthrough\"><div class=\"et_pb_text_0 et_pb_text et_pb_bg_layout_dark et_animated et_pb_module et_block_module et_pb_text_align_center\"><div class=\"et_pb_text_inner\"><h1>Pol\u00edtica de cookies<\/h1>\n<\/div><\/div><\/div><\/div><\/div><div class=\"et_pb_section_1 et_pb_section et_section_regular et_block_section\"><div class=\"et_pb_row_1 et_pb_row et_block_row\"><div class=\"et_pb_column_1 et_pb_column et_pb_column_4_4 et-last-child et_block_column et_pb_css_mix_blend_mode_passthrough\"><div class=\"et_pb_text_1 et_pb_text et_pb_bg_layout_light et_pb_module et_block_module avisolegal\"><div class=\"et_pb_text_inner\"><h2>1. Como utilizamos las cookies<\/h2>\n<p>Es posible que solicitemos que se establezan cookies en su dispositivo. Utilizamos cookies para saber cuando visita nuestros sitios web, como interact\u00faa con nosotros, para enriquecer su experiencia de usuario y para personalizar su relaci\u00f3n con nuestro sitio web. Haga clic en los t\u00edtulos de las diferentes categor\u00edas para obtener m\u00e1s informaci\u00f3n. Tambi\u00e9n puede cambiar algunas de sus preferencias.<\/p>\n<p>Tenga en cuenta que el bloqueo de algunos tipos de cookies puede afectar a su experiencia en nuestro sitio web y los servicios que podemos ofrecerle.<\/p>\n<h2>2. Cookies esenciales del sitio web<\/h2>\n<p>Estas cookies son estrictamente necesarias para proporcionarle los servicios disponibles a trav\u00e9s de nuestro sitio web y para utilizar algunas de sus caracter\u00edsticas.<\/p>\n<p>Puesto que estas cookies son estrictamente necesarias para navegar por el sitio web, usted no puede rechazarlas sin afectar al funcionamiento de nuestro sitio. Usted puede bloquearlas o eliminarlas cambiando la configuraci\u00f3n de su navegador y forzando el bloqueo de todas las cookies en este sitio web.<\/p>\n<h2>3. Cookies de Google Analytics<\/h2>\n<p>Estas cookies recopilan informaci\u00f3n que se utiliza en forma agregada para ayudarnos a entender c\u00f3mo se est\u00e1 utilizando nuestro sitio web o cu\u00e1n efectivas son nuestras campa\u00f1as de marketing, o para ayudarnos a personalizar nuestro sitio web y la aplicaci\u00f3n con el fin de mejorar su experiencia.<\/p>\n<h2>4. Otros servicios externos<\/h2>\n<p>Tambi\u00e9n utilizamos el servicio externo Google Webfonts.<\/p>\n<h2>5. Pol\u00edtica de privacidad<\/h2>\n<p>Puede informarse acerca de nuestras cookies y configuraciones de privacidad en detalle en nuestra <a href=\"https:\/\/trepatavogados.com\/es\/aviso-legal\/\">P\u00e1gina de Pol\u00edtica de Privacidad<\/a>.<\/p>\n<\/div><\/div><\/div><\/div><\/div>","protected":false},"excerpt":{"rendered":"","protected":false},"author":1,"featured_media":0,"parent":0,"menu_order":0,"comment_status":"closed","ping_status":"closed","template":"","meta":{"footnotes":""},"class_list":["post-523","page","type-page","status-publish","hentry"],"yoast_head":"<!-- This site is optimized with the Yoast SEO plugin v27.2 - https:\/\/yoast.com\/product\/yoast-seo-wordpress\/ -->\n<title>Cookies - Trepat avogados<\/title>\n<meta name=\"robots\" content=\"index, follow, max-snippet:-1, max-image-preview:large, max-video-preview:-1\" \/>\n<link rel=\"canonical\" href=\"https:\/\/trepatavogados.com\/es\/cookies-3\/\" \/>\n<meta property=\"og:locale\" content=\"es_ES\" \/>\n<meta property=\"og:type\" content=\"article\" \/>\n<meta property=\"og:title\" content=\"Cookies - Trepat avogados\" \/>\n<meta property=\"og:url\" content=\"https:\/\/trepatavogados.com\/es\/cookies-3\/\" \/>\n<meta property=\"og:site_name\" content=\"Trepat avogados\" \/>\n<meta property=\"article:modified_time\" content=\"2026-03-08T15:34:54+00:00\" \/>\n<meta name=\"twitter:card\" content=\"summary_large_image\" \/>\n<script type=\"application\/ld+json\" class=\"yoast-schema-graph\">{\"@context\":\"https:\/\/schema.org\",\"@graph\":[{\"@type\":\"WebPage\",\"@id\":\"https:\/\/trepatavogados.com\/es\/cookies-3\/\",\"url\":\"https:\/\/trepatavogados.com\/es\/cookies-3\/\",\"name\":\"Cookies - Trepat avogados\",\"isPartOf\":{\"@id\":\"https:\/\/trepatavogados.com\/es\/#website\"},\"datePublished\":\"2020-02-12T18:16:00+00:00\",\"dateModified\":\"2026-03-08T15:34:54+00:00\",\"breadcrumb\":{\"@id\":\"https:\/\/trepatavogados.com\/es\/cookies-3\/#breadcrumb\"},\"inLanguage\":\"es\",\"potentialAction\":[{\"@type\":\"ReadAction\",\"target\":[\"https:\/\/trepatavogados.com\/es\/cookies-3\/\"]}]},{\"@type\":\"BreadcrumbList\",\"@id\":\"https:\/\/trepatavogados.com\/es\/cookies-3\/#breadcrumb\",\"itemListElement\":[{\"@type\":\"ListItem\",\"position\":1,\"name\":\"Portada\",\"item\":\"https:\/\/trepatavogados.com\/es\/\"},{\"@type\":\"ListItem\",\"position\":2,\"name\":\"Cookies\"}]},{\"@type\":\"WebSite\",\"@id\":\"https:\/\/trepatavogados.com\/es\/#website\",\"url\":\"https:\/\/trepatavogados.com\/es\/\",\"name\":\"Trepat avogados\",\"description\":\"Despacho en Santiago de Compostela\",\"publisher\":{\"@id\":\"https:\/\/trepatavogados.com\/es\/#organization\"},\"potentialAction\":[{\"@type\":\"SearchAction\",\"target\":{\"@type\":\"EntryPoint\",\"urlTemplate\":\"https:\/\/trepatavogados.com\/es\/?s={search_term_string}\"},\"query-input\":{\"@type\":\"PropertyValueSpecification\",\"valueRequired\":true,\"valueName\":\"search_term_string\"}}],\"inLanguage\":\"es\"},{\"@type\":\"Organization\",\"@id\":\"https:\/\/trepatavogados.com\/es\/#organization\",\"name\":\"Trepat Avogados\",\"url\":\"https:\/\/trepatavogados.com\/es\/\",\"logo\":{\"@type\":\"ImageObject\",\"inLanguage\":\"es\",\"@id\":\"https:\/\/trepatavogados.com\/es\/#\/schema\/logo\/image\/\",\"url\":\"https:\/\/trepatavogados.com\/wp-content\/uploads\/logo.png\",\"contentUrl\":\"https:\/\/trepatavogados.com\/wp-content\/uploads\/logo.png\",\"width\":300,\"height\":50,\"caption\":\"Trepat Avogados\"},\"image\":{\"@id\":\"https:\/\/trepatavogados.com\/es\/#\/schema\/logo\/image\/\"}}]}<\/script>\n<!-- \/ Yoast SEO plugin. -->","yoast_head_json":{"title":"Cookies - Trepat avogados","robots":{"index":"index","follow":"follow","max-snippet":"max-snippet:-1","max-image-preview":"max-image-preview:large","max-video-preview":"max-video-preview:-1"},"canonical":"https:\/\/trepatavogados.com\/es\/cookies-3\/","og_locale":"es_ES","og_type":"article","og_title":"Cookies - Trepat avogados","og_url":"https:\/\/trepatavogados.com\/es\/cookies-3\/","og_site_name":"Trepat avogados","article_modified_time":"2026-03-08T15:34:54+00:00","twitter_card":"summary_large_image","schema":{"@context":"https:\/\/schema.org","@graph":[{"@type":"WebPage","@id":"https:\/\/trepatavogados.com\/es\/cookies-3\/","url":"https:\/\/trepatavogados.com\/es\/cookies-3\/","name":"Cookies - Trepat avogados","isPartOf":{"@id":"https:\/\/trepatavogados.com\/es\/#website"},"datePublished":"2020-02-12T18:16:00+00:00","dateModified":"2026-03-08T15:34:54+00:00","breadcrumb":{"@id":"https:\/\/trepatavogados.com\/es\/cookies-3\/#breadcrumb"},"inLanguage":"es","potentialAction":[{"@type":"ReadAction","target":["https:\/\/trepatavogados.com\/es\/cookies-3\/"]}]},{"@type":"BreadcrumbList","@id":"https:\/\/trepatavogados.com\/es\/cookies-3\/#breadcrumb","itemListElement":[{"@type":"ListItem","position":1,"name":"Portada","item":"https:\/\/trepatavogados.com\/es\/"},{"@type":"ListItem","position":2,"name":"Cookies"}]},{"@type":"WebSite","@id":"https:\/\/trepatavogados.com\/es\/#website","url":"https:\/\/trepatavogados.com\/es\/","name":"Trepat avogados","description":"Despacho en Santiago de Compostela","publisher":{"@id":"https:\/\/trepatavogados.com\/es\/#organization"},"potentialAction":[{"@type":"SearchAction","target":{"@type":"EntryPoint","urlTemplate":"https:\/\/trepatavogados.com\/es\/?s={search_term_string}"},"query-input":{"@type":"PropertyValueSpecification","valueRequired":true,"valueName":"search_term_string"}}],"inLanguage":"es"},{"@type":"Organization","@id":"https:\/\/trepatavogados.com\/es\/#organization","name":"Trepat Avogados","url":"https:\/\/trepatavogados.com\/es\/","logo":{"@type":"ImageObject","inLanguage":"es","@id":"https:\/\/trepatavogados.com\/es\/#\/schema\/logo\/image\/","url":"https:\/\/trepatavogados.com\/wp-content\/uploads\/logo.png","contentUrl":"https:\/\/trepatavogados.com\/wp-content\/uploads\/logo.png","width":300,"height":50,"caption":"Trepat Avogados"},"image":{"@id":"https:\/\/trepatavogados.com\/es\/#\/schema\/logo\/image\/"}}]}},"_links":{"self":[{"href":"https:\/\/trepatavogados.com\/es\/wp-json\/wp\/v2\/pages\/523","targetHints":{"allow":["GET"]}}],"collection":[{"href":"https:\/\/trepatavogados.com\/es\/wp-json\/wp\/v2\/pages"}],"about":[{"href":"https:\/\/trepatavogados.com\/es\/wp-json\/wp\/v2\/types\/page"}],"author":[{"embeddable":true,"href":"https:\/\/trepatavogados.com\/es\/wp-json\/wp\/v2\/users\/1"}],"replies":[{"embeddable":true,"href":"https:\/\/trepatavogados.com\/es\/wp-json\/wp\/v2\/comments?post=523"}],"version-history":[{"count":9,"href":"https:\/\/trepatavogados.com\/es\/wp-json\/wp\/v2\/pages\/523\/revisions"}],"predecessor-version":[{"id":1079,"href":"https:\/\/trepatavogados.com\/es\/wp-json\/wp\/v2\/pages\/523\/revisions\/1079"}],"wp:attachment":[{"href":"https:\/\/trepatavogados.com\/es\/wp-json\/wp\/v2\/media?parent=523"}],"curies":[{"name":"wp","href":"https:\/\/api.w.org\/{rel}","templated":true}]}}