{"id":486,"date":"2020-02-12T17:21:03","date_gmt":"2020-02-12T16:21:03","guid":{"rendered":"https:\/\/trepatavogados.com\/trepat-abogados-2\/"},"modified":"2026-03-05T17:22:31","modified_gmt":"2026-03-05T16:22:31","slug":"trepat-abogados-2","status":"publish","type":"page","link":"https:\/\/trepatavogados.com\/es\/","title":{"rendered":"Trepat abogados"},"content":{"rendered":"<div class=\"et_pb_section_0 et_pb_section et_section_regular et_block_section\">\n<div class=\"et_pb_row_0 et_pb_row et_block_row\">\n<div class=\"et_pb_column_0 et_pb_column et_pb_column_4_4 et-last-child et_block_column et_pb_css_mix_blend_mode_passthrough\">\n<div class=\"et_pb_text_0 et_pb_text et_pb_bg_layout_dark et_animated et_pb_module et_block_module\"><div class=\"et_pb_text_inner\"><h1>Trepat abogados<\/h1>\n<p><\/p>\n<p>Despacho en Santiago de Compostela.<\/p>\n<\/div><\/div>\n<\/div>\n<\/div>\n<\/div>\n\n<div class=\"et_pb_section_1 et_pb_section et_section_regular et_block_section\">\n<div class=\"et_pb_row_1 et_pb_row et_block_row\">\n<div class=\"et_pb_column_1 et_pb_column et_pb_column_2_5 et_block_column et_pb_css_mix_blend_mode_passthrough\">\n<div class=\"et_pb_text_1 et_pb_text et_pb_bg_layout_light et_animated et_pb_module et_block_module\"><div class=\"et_pb_text_inner\"><h2>Desde 1984<\/h2>\n<\/div><\/div>\n\n<div class=\"et_pb_divider_0 et_pb_divider et_pb_space et_pb_divider_position_center et_animated et_pb_module\"><div class=\"et_pb_divider_internal\"><\/div><\/div>\n\n<div class=\"et_pb_text_2 et_pb_text et_pb_bg_layout_light et_pb_module et_block_module\"><div class=\"et_pb_text_inner\"><p>Fundado en 1984 por Pedro Trepat Silva, el bufete\u00a0<strong>TREPAT ABOGADOS<\/strong>\u00a0cuenta con un s\u00f3lido equipo de profesionales del derecho con amplia experiencia, que garantiza la asistencia jur\u00eddica integral y eficaz que demandan nuestros clientes: particulares, empresas, corporaciones y administraciones.<\/p>\n<p><\/p>\n<blockquote>\n<p><strong>La experiencia es nuestro mejor activo.<\/strong><\/p>\n<\/blockquote>\n<\/div><\/div>\n<\/div>\n\n<div class=\"et_pb_column_2 et_pb_column et_pb_column_3_5 et-last-child et_block_column et_pb_css_mix_blend_mode_passthrough\">\n<div class=\"et_pb_image_0 et_pb_image et_pb_image_sticky et_animated et_pb_module et_block_module\"><span class=\"et_pb_image_wrap\"><img decoding=\"async\" src=\"\/wp-content\/uploads\/Jcb_1916885.jpg\" \/><\/span><\/div>\n<\/div>\n<\/div>\n<\/div>\n\n<div class=\"et_pb_section_2 et_pb_section et_section_regular et_block_section\">\n<div class=\"et_pb_row_2 et_pb_row et_block_row\">\n<div class=\"et_pb_column_3 et_pb_column et_pb_column_4_4 et-last-child et_block_column et_pb_css_mix_blend_mode_passthrough\">\n<div class=\"et_pb_text_3 et_pb_text et_pb_bg_layout_light et_animated et_pb_module et_block_module\"><div class=\"et_pb_text_inner\"><h2>\u00c1reas<\/h2>\n<\/div><\/div>\n\n<div class=\"et_pb_divider_1 et_pb_divider et_pb_space et_pb_divider_position_center et_animated et_pb_module\"><div class=\"et_pb_divider_internal\"><\/div><\/div>\n<\/div>\n<\/div>\n\n<div class=\"et_pb_row_3 et_pb_row et_block_row row-areas\">\n<div class=\"et_pb_column_4 et_pb_column et_pb_column_1_3 et_block_column et_pb_css_mix_blend_mode_passthrough\">\n<div class=\"et_pb_blurb_0 et_pb_blurb et_pb_bg_layout_light et_pb_text_align_center et_pb_blurb_position_top et_animated et_clickable et_pb_module et_block_module\"><div class=\"et_pb_blurb_content\"><div class=\"et_pb_main_blurb_image\"><span class=\"et_pb_image_wrap\"><span class=\"et-pb-icon et-waypoint et_pb_animation_top et_pb_animation_top_tablet et_pb_animation_top_phone\">\ue022<\/span><\/span><\/div><div class=\"et_pb_blurb_container\"><h4 class=\"et_pb_module_header\">Derecho civil<\/h4><\/div><\/div><\/div>\n<\/div>\n\n<div class=\"et_pb_column_5 et_pb_column et_pb_column_1_3 et_block_column et_pb_css_mix_blend_mode_passthrough\">\n<div class=\"et_pb_blurb_1 et_pb_blurb et_pb_bg_layout_light et_pb_text_align_center et_pb_blurb_position_top et_animated et_clickable et_pb_module et_block_module\"><div class=\"et_pb_blurb_content\"><div class=\"et_pb_main_blurb_image\"><span class=\"et_pb_image_wrap\"><span class=\"et-pb-icon et-waypoint et_pb_animation_top et_pb_animation_top_tablet et_pb_animation_top_phone\">\ue021<\/span><\/span><\/div><div class=\"et_pb_blurb_container\"><h4 class=\"et_pb_module_header\">Derecho mercantil<\/h4><\/div><\/div><\/div>\n<\/div>\n\n<div class=\"et_pb_column_6 et_pb_column et_pb_column_1_3 et-last-child et_block_column et_pb_css_mix_blend_mode_passthrough\">\n<div class=\"et_pb_blurb_2 et_pb_blurb et_pb_bg_layout_light et_pb_text_align_center et_pb_blurb_position_top et_animated et_clickable et_pb_module et_block_module\"><div class=\"et_pb_blurb_content\"><div class=\"et_pb_main_blurb_image\"><span class=\"et_pb_image_wrap\"><span class=\"et-pb-icon et-waypoint et_pb_animation_top et_pb_animation_top_tablet et_pb_animation_top_phone\">i<\/span><\/span><\/div><div class=\"et_pb_blurb_container\"><h4 class=\"et_pb_module_header\">Derecho administrativo<\/h4><\/div><\/div><\/div>\n<\/div>\n<\/div>\n\n<div class=\"et_pb_row_4 et_pb_row et_block_row row-areas\">\n<div class=\"et_pb_column_7 et_pb_column et_pb_column_1_3 et_block_column et_pb_css_mix_blend_mode_passthrough\">\n<div class=\"et_pb_blurb_3 et_pb_blurb et_pb_bg_layout_light et_pb_text_align_center et_pb_blurb_position_top et_animated et_clickable et_pb_module et_block_module\"><div class=\"et_pb_blurb_content\"><div class=\"et_pb_main_blurb_image\"><span class=\"et_pb_image_wrap\"><span class=\"et-pb-icon et-waypoint et_pb_animation_top et_pb_animation_top_tablet et_pb_animation_top_phone\">\ue0ff<\/span><\/span><\/div><div class=\"et_pb_blurb_container\"><h4 class=\"et_pb_module_header\">Derecho penal<\/h4><\/div><\/div><\/div>\n<\/div>\n\n<div class=\"et_pb_column_8 et_pb_column et_pb_column_1_3 et_block_column et_pb_css_mix_blend_mode_passthrough\">\n<div class=\"et_pb_blurb_4 et_pb_blurb et_pb_bg_layout_light et_pb_text_align_center et_pb_blurb_position_top et_animated et_clickable et_pb_module et_block_module\"><div class=\"et_pb_blurb_content\"><div class=\"et_pb_main_blurb_image\"><span class=\"et_pb_image_wrap\"><span class=\"et-pb-icon et-waypoint et_pb_animation_top et_pb_animation_top_tablet et_pb_animation_top_phone\">\ue036<\/span><\/span><\/div><div class=\"et_pb_blurb_container\"><h4 class=\"et_pb_module_header\">Derecho laboral<\/h4><\/div><\/div><\/div>\n<\/div>\n\n<div class=\"et_pb_column_9 et_pb_column et_pb_column_1_3 et-last-child et_block_column et_pb_css_mix_blend_mode_passthrough\">\n<div class=\"et_pb_module et_pb_button_module_wrapper et_pb_button_0_wrapper\"><a class=\"et_pb_button_0 et_pb_button et_pb_bg_layout_light et_animated et_pb_module et_block_module\" href=\"https:\/\/trepatavogados.com\/es\/areas\/\" data-icon=\"$\">Ver \u00c1reas<\/a><\/div>\n<\/div>\n<\/div>\n<\/div>\n\n<div class=\"et_pb_section_3 et_pb_section et_section_regular et_block_section\">\n<div class=\"et_pb_row_5 et_pb_row et_block_row\">\n<div class=\"et_pb_column_10 et_pb_column et_pb_column_1_2 et_block_column et_pb_css_mix_blend_mode_passthrough\">\n<div class=\"et_pb_image_1 et_pb_image et_pb_image_sticky et_pb_module et_block_module\"><span class=\"et_pb_image_wrap\"><img decoding=\"async\" src=\"\/wp-content\/uploads\/jcb_1916795_web.jpg\" \/><\/span><\/div>\n<\/div>\n\n<div class=\"et_pb_column_11 et_pb_column et_pb_column_1_2 et-last-child et_block_column et_pb_css_mix_blend_mode_passthrough\">\n<div class=\"et_pb_text_4 et_pb_text et_pb_bg_layout_dark et_animated et_pb_module et_block_module\"><div class=\"et_pb_text_inner\"><h2>A su disposici\u00f3n<\/h2>\n<\/div><\/div>\n\n<div class=\"et_pb_divider_2 et_pb_divider et_pb_space et_pb_divider_position_center et_animated et_pb_module\"><div class=\"et_pb_divider_internal\"><\/div><\/div>\n\n<div class=\"et_pb_text_5 et_pb_text et_pb_bg_layout_dark et_animated et_pb_module et_block_module\"><div class=\"et_pb_text_inner\"><h3>Confianza y compromiso<\/h3>\n<p><\/p>\n<p>Especializado en las \u00e1reas de derecho civil, mercantil, administrativo, laboral y penal, el despacho concibe el ejercicio de la abogac\u00eda desde la cercan\u00eda personal y la confianza con nuestros clientes y desde el compromiso con la defensa de los derechos fundamentales y los valores de la justicia y el progreso social.<\/p>\n<\/div><\/div>\n\n<div class=\"et_pb_text_6 et_pb_text et_pb_bg_layout_dark et_animated et_pb_module et_block_module\"><div class=\"et_pb_text_inner\"><h3>Defendiendo sus intereses<\/h3>\n<p><\/p>\n<p>Nuestra experiencia y formaci\u00f3n nos permite lograr un notable \u00edndice de \u00e9xito en la defensa de los intereses que nos son encomendados, no solo delante de los Tribunales de Justicia, estatales e internacionales, o de las Administraciones P\u00fablicas, sin\u00f3 en el asesoramento previo, la supervisi\u00f3n documental y a negociaci\u00f3n.<\/p>\n<\/div><\/div>\n<\/div>\n<\/div>\n<\/div>\n\n<div class=\"et_pb_section_4 et_pb_section et_section_regular et_block_section\">\n<div class=\"et_pb_row_6 et_pb_row et_block_row\">\n<div class=\"et_pb_column_12 et_pb_column et_pb_column_4_4 et-last-child et_block_column et_pb_css_mix_blend_mode_passthrough\">\n<div class=\"et_pb_text_7 et_pb_text et_pb_bg_layout_light et_animated et_pb_module et_block_module\"><div class=\"et_pb_text_inner\"><h2>Nuestro equipo<\/h2>\n<\/div><\/div>\n\n<div class=\"et_pb_divider_3 et_pb_divider et_pb_space et_pb_divider_position_center et_animated et_pb_module\"><div class=\"et_pb_divider_internal\"><\/div><\/div>\n<\/div>\n<\/div>\n\n<div class=\"et_pb_row_7 et_pb_row et_block_row\">\n<div class=\"et_pb_column_13 et_pb_column et_pb_column_1_3 et_block_column et_pb_css_mix_blend_mode_passthrough\">\n<div class=\"et_pb_team_member_0 et_pb_team_member et_pb_bg_layout_light et_animated et_pb_module et_block_module\"><div class=\"et_pb_team_member_image et-waypoint et_pb_animation_off\"><img decoding=\"async\" src=\"\/wp-content\/uploads\/pedro1.jpg\" alt=\"Pedro Trepat Silva\" \/><\/div><div class=\"et_pb_team_member_description\"><h4 class=\"et_pb_module_header\">Pedro Trepat Silva<\/h4><p class=\"et_pb_member_position\">Abogado<\/p><\/div><\/div>\n<\/div>\n\n<div class=\"et_pb_column_14 et_pb_column et_pb_column_1_3 et_block_column et_pb_css_mix_blend_mode_passthrough\">\n<div class=\"et_pb_team_member_1 et_pb_team_member et_pb_bg_layout_light et_animated et_pb_module et_block_module\"><div class=\"et_pb_team_member_image et-waypoint et_pb_animation_off\"><img decoding=\"async\" src=\"\/wp-content\/uploads\/quin1.jpg\" alt=\"Xoaqu\u00edn E. Monteagudo\" \/><\/div><div class=\"et_pb_team_member_description\"><h4 class=\"et_pb_module_header\">Xoaqu\u00edn E. Monteagudo<\/h4><p class=\"et_pb_member_position\">Abogado<\/p><\/div><\/div>\n<\/div>\n\n<div class=\"et_pb_column_15 et_pb_column et_pb_column_1_3 et-last-child et_block_column et_pb_css_mix_blend_mode_passthrough\">\n<div class=\"et_pb_team_member_2 et_pb_team_member et_pb_bg_layout_light et_animated et_pb_module et_block_module\"><div class=\"et_pb_team_member_image et-waypoint et_pb_animation_off\"><img decoding=\"async\" src=\"\/wp-content\/uploads\/iris1.jpg\" alt=\"Iris Camino Ronquete\" \/><\/div><div class=\"et_pb_team_member_description\"><h4 class=\"et_pb_module_header\">Iris Camino Ronquete<\/h4><p class=\"et_pb_member_position\">Abogada<\/p><\/div><\/div>\n<\/div>\n<\/div>\n\n<div class=\"et_pb_row_8 et_pb_row et_block_row\">\n<div class=\"et_pb_column_16 et_pb_column et_pb_column_1_3 et_block_column et_pb_css_mix_blend_mode_passthrough\">\n<div class=\"et_pb_team_member_3 et_pb_team_member et_pb_bg_layout_light et_animated et_pb_module et_block_module\"><div class=\"et_pb_team_member_image et-waypoint et_pb_animation_off\"><img decoding=\"async\" src=\"\/wp-content\/uploads\/alex1.jpg\" alt=\"Alejandro Mart\u00edn L\u00f3pez\" \/><\/div><div class=\"et_pb_team_member_description\"><h4 class=\"et_pb_module_header\">Alejandro Mart\u00edn L\u00f3pez<\/h4><p class=\"et_pb_member_position\">Abogado<\/p><\/div><\/div>\n<\/div>\n\n<div class=\"et_pb_column_17 et_pb_column et_pb_column_1_3 et_block_column et_pb_css_mix_blend_mode_passthrough\">\n<div class=\"et_pb_team_member_4 et_pb_team_member et_pb_bg_layout_light et_animated et_pb_module et_block_module\"><div class=\"et_pb_team_member_image et-waypoint et_pb_animation_off\"><img decoding=\"async\" src=\"\/wp-content\/uploads\/monse1-1.jpg\" alt=\"Monse Su\u00e1rez\" \/><\/div><div class=\"et_pb_team_member_description\"><h4 class=\"et_pb_module_header\">Monse Su\u00e1rez<\/h4><p class=\"et_pb_member_position\">Administrativa<\/p><\/div><\/div>\n<\/div>\n\n<div class=\"et_pb_column_18 et_pb_column et_pb_column_1_3 et-last-child et_block_column et_pb_column_empty et_pb_css_mix_blend_mode_passthrough\"><\/div>\n<\/div>\n<\/div>\n\n<div class=\"et_pb_section_5 et_pb_section et_pb_fullwidth_section et_section_regular et_block_section\"><div class=\"et_pb_fullwidth_code_0 et_pb_fullwidth_code et_pb_module\"><div class=\"et_pb_code_inner\"><div class=\"leaflet-map WPLeafletMap\" style=\"height:600px; width:100%;\"><\/div><script>\nwindow.WPLeafletMapPlugin = window.WPLeafletMapPlugin || [];\nwindow.WPLeafletMapPlugin.push(function WPLeafletMapShortcode() {\/*<script>*\/\nvar baseUrl = atob('aHR0cHM6Ly97c30udGlsZS5vcGVuc3RyZWV0bWFwLm9yZy97en0ve3h9L3t5fS5wbmc=');\nvar base = (!baseUrl && window.MQ) ?\n    window.MQ.mapLayer() : L.tileLayer(baseUrl,\n        L.Util.extend({}, {\n            detectRetina: 0,\n        },\n        {\"subdomains\":\"abc\",\"noWrap\":false,\"maxZoom\":20}        )\n    );\n    var options = L.Util.extend({}, {\n        layers: [base],\n        attributionControl: false\n    },\n    {\"zoomControl\":true,\"scrollWheelZoom\":false,\"doubleClickZoom\":false,\"fitBounds\":false,\"minZoom\":0,\"maxZoom\":20,\"maxBounds\":null,\"attribution\":\"<a href=\\\"http:\\\/\\\/leafletjs.com\\\" title=\\\"Una biblioteca JS para mapas interactivos\\\">Leaflet<\\\/a>; \\u00a9 <a href=\\\"http:\\\/\\\/www.openstreetmap.org\\\/copyright\\\">OpenStreetMap<\\\/a> colaboradores\"},\n    {});\nwindow.WPLeafletMapPlugin.createMap(options).setView([42.873394,-8.546518],16);});<\/script><br><script>\nwindow.WPLeafletMapPlugin = window.WPLeafletMapPlugin || [];\nwindow.WPLeafletMapPlugin.push(function WPLeafletMarkerShortcode() {\/*<script>*\/\nvar map = window.WPLeafletMapPlugin.getCurrentMap();\nvar group = window.WPLeafletMapPlugin.getCurrentGroup();\nvar marker_options = window.WPLeafletMapPlugin.getIconOptions({\"iconUrl\":\"\\\/wp-content\\\/uploads\\\/markerRed.png\",\"iconSize\":\"35,40\",\"iconAnchor\":\"13,40\"});\nvar marker = L.marker(\n    [42.873394,-8.546518],\n    marker_options\n);\nvar is_image = map.is_image_map;\nif (marker_options.draggable) {\n    marker.on('dragend', function () {\n        var latlng = this.getLatLng();\n        var lat = latlng.lat;\n        var lng = latlng.lng;\n        if (is_image) {\n            console.log('leaflet-marker y=' + lat + ' x=' + lng);\n        } else {\n            console.log('leaflet-marker lat=' + lat + ' lng=' + lng);\n        }\n    });\n}\nmarker.addTo( group );\nmarker.bindPopup(window.WPLeafletMapPlugin.unescape('&lt;br&gt;&lt;span class=\\&quot;tituvineta\\&quot;&gt;Trepat avogados&lt;\/span&gt;&lt;br&gt;R\u00faa Xeneral Pardi\u00f1as 40 3\u00baC&lt;br&gt;15701 Santiago de Compostela (A Coru\u00f1a)&lt;br&gt;&lt;a href=\\&quot;https:\/\/www.google.es\/maps\/dir\/\/\\&#039;\\&#039;\/@42.8735387,-8.5492718,16.75z\/data=!4m9!4m8!1m0!1m5!1m1!1s0xd2efd93c7bc9ff9:0xed1f68605280ddae!2m2!1d-8.5466385!2d42.87338!3e0\\&quot; target=\\&quot;_blank\\&quot; rel=\\&quot;noopener noreferrer\\&quot;&gt;C\u00f3mo llegar&lt;\/a&gt;&lt;br&gt;'));window.WPLeafletMapPlugin.markers.push( marker );\n        });<\/script><\/div><\/div><\/div>\n\n","protected":false},"excerpt":{"rendered":"","protected":false},"author":1,"featured_media":0,"parent":0,"menu_order":0,"comment_status":"closed","ping_status":"closed","template":"","meta":{"footnotes":""},"class_list":["post-486","page","type-page","status-publish","hentry"],"yoast_head":"<!-- This site is optimized with the Yoast SEO plugin v27.2 - https:\/\/yoast.com\/product\/yoast-seo-wordpress\/ -->\n<title>Despacho de abogados en Santiago de Compostela - Trepat avogados<\/title>\n<meta name=\"description\" content=\"Un s\u00f3lido equipo de abogados especializados en derecho civil, mercantil, administrativo, penal y laboral. Desde 1984 en Santiago de Compostela, Galicia.\" \/>\n<meta name=\"robots\" content=\"index, follow, max-snippet:-1, max-image-preview:large, max-video-preview:-1\" \/>\n<link rel=\"canonical\" href=\"https:\/\/trepatavogados.com\/es\/\" \/>\n<meta property=\"og:locale\" content=\"es_ES\" \/>\n<meta property=\"og:type\" content=\"article\" \/>\n<meta property=\"og:title\" content=\"Despacho de abogados en Santiago de Compostela - Trepat avogados\" \/>\n<meta property=\"og:description\" content=\"Un s\u00f3lido equipo de abogados especializados en derecho civil, mercantil, administrativo, penal y laboral. Desde 1984 en Santiago de Compostela, Galicia.\" \/>\n<meta property=\"og:url\" content=\"https:\/\/trepatavogados.com\/es\/\" \/>\n<meta property=\"og:site_name\" content=\"Trepat avogados\" \/>\n<meta property=\"article:modified_time\" content=\"2026-03-05T16:22:31+00:00\" \/>\n<meta name=\"twitter:card\" content=\"summary_large_image\" \/>\n<script type=\"application\/ld+json\" class=\"yoast-schema-graph\">{\"@context\":\"https:\/\/schema.org\",\"@graph\":[{\"@type\":\"WebPage\",\"@id\":\"https:\/\/trepatavogados.com\/es\/\",\"url\":\"https:\/\/trepatavogados.com\/es\/\",\"name\":\"Despacho de abogados en Santiago de Compostela - Trepat avogados\",\"isPartOf\":{\"@id\":\"https:\/\/trepatavogados.com\/es\/#website\"},\"datePublished\":\"2020-02-12T16:21:03+00:00\",\"dateModified\":\"2026-03-05T16:22:31+00:00\",\"description\":\"Un s\u00f3lido equipo de abogados especializados en derecho civil, mercantil, administrativo, penal y laboral. Desde 1984 en Santiago de Compostela, Galicia.\",\"breadcrumb\":{\"@id\":\"https:\/\/trepatavogados.com\/es\/#breadcrumb\"},\"inLanguage\":\"es\",\"potentialAction\":[{\"@type\":\"ReadAction\",\"target\":[\"https:\/\/trepatavogados.com\/es\/\"]}]},{\"@type\":\"BreadcrumbList\",\"@id\":\"https:\/\/trepatavogados.com\/es\/#breadcrumb\",\"itemListElement\":[{\"@type\":\"ListItem\",\"position\":1,\"name\":\"Portada\",\"item\":\"https:\/\/trepatavogados.com\/es\/\"},{\"@type\":\"ListItem\",\"position\":2,\"name\":\"Trepat abogados\"}]},{\"@type\":\"WebSite\",\"@id\":\"https:\/\/trepatavogados.com\/es\/#website\",\"url\":\"https:\/\/trepatavogados.com\/es\/\",\"name\":\"Trepat avogados\",\"description\":\"Despacho en Santiago de Compostela\",\"publisher\":{\"@id\":\"https:\/\/trepatavogados.com\/es\/#organization\"},\"potentialAction\":[{\"@type\":\"SearchAction\",\"target\":{\"@type\":\"EntryPoint\",\"urlTemplate\":\"https:\/\/trepatavogados.com\/es\/?s={search_term_string}\"},\"query-input\":{\"@type\":\"PropertyValueSpecification\",\"valueRequired\":true,\"valueName\":\"search_term_string\"}}],\"inLanguage\":\"es\"},{\"@type\":\"Organization\",\"@id\":\"https:\/\/trepatavogados.com\/es\/#organization\",\"name\":\"Trepat Avogados\",\"url\":\"https:\/\/trepatavogados.com\/es\/\",\"logo\":{\"@type\":\"ImageObject\",\"inLanguage\":\"es\",\"@id\":\"https:\/\/trepatavogados.com\/es\/#\/schema\/logo\/image\/\",\"url\":\"https:\/\/trepatavogados.com\/wp-content\/uploads\/logo.png\",\"contentUrl\":\"https:\/\/trepatavogados.com\/wp-content\/uploads\/logo.png\",\"width\":300,\"height\":50,\"caption\":\"Trepat Avogados\"},\"image\":{\"@id\":\"https:\/\/trepatavogados.com\/es\/#\/schema\/logo\/image\/\"}}]}<\/script>\n<!-- \/ Yoast SEO plugin. -->","yoast_head_json":{"title":"Despacho de abogados en Santiago de Compostela - Trepat avogados","description":"Un s\u00f3lido equipo de abogados especializados en derecho civil, mercantil, administrativo, penal y laboral. Desde 1984 en Santiago de Compostela, Galicia.","robots":{"index":"index","follow":"follow","max-snippet":"max-snippet:-1","max-image-preview":"max-image-preview:large","max-video-preview":"max-video-preview:-1"},"canonical":"https:\/\/trepatavogados.com\/es\/","og_locale":"es_ES","og_type":"article","og_title":"Despacho de abogados en Santiago de Compostela - Trepat avogados","og_description":"Un s\u00f3lido equipo de abogados especializados en derecho civil, mercantil, administrativo, penal y laboral. Desde 1984 en Santiago de Compostela, Galicia.","og_url":"https:\/\/trepatavogados.com\/es\/","og_site_name":"Trepat avogados","article_modified_time":"2026-03-05T16:22:31+00:00","twitter_card":"summary_large_image","schema":{"@context":"https:\/\/schema.org","@graph":[{"@type":"WebPage","@id":"https:\/\/trepatavogados.com\/es\/","url":"https:\/\/trepatavogados.com\/es\/","name":"Despacho de abogados en Santiago de Compostela - Trepat avogados","isPartOf":{"@id":"https:\/\/trepatavogados.com\/es\/#website"},"datePublished":"2020-02-12T16:21:03+00:00","dateModified":"2026-03-05T16:22:31+00:00","description":"Un s\u00f3lido equipo de abogados especializados en derecho civil, mercantil, administrativo, penal y laboral. Desde 1984 en Santiago de Compostela, Galicia.","breadcrumb":{"@id":"https:\/\/trepatavogados.com\/es\/#breadcrumb"},"inLanguage":"es","potentialAction":[{"@type":"ReadAction","target":["https:\/\/trepatavogados.com\/es\/"]}]},{"@type":"BreadcrumbList","@id":"https:\/\/trepatavogados.com\/es\/#breadcrumb","itemListElement":[{"@type":"ListItem","position":1,"name":"Portada","item":"https:\/\/trepatavogados.com\/es\/"},{"@type":"ListItem","position":2,"name":"Trepat abogados"}]},{"@type":"WebSite","@id":"https:\/\/trepatavogados.com\/es\/#website","url":"https:\/\/trepatavogados.com\/es\/","name":"Trepat avogados","description":"Despacho en Santiago de Compostela","publisher":{"@id":"https:\/\/trepatavogados.com\/es\/#organization"},"potentialAction":[{"@type":"SearchAction","target":{"@type":"EntryPoint","urlTemplate":"https:\/\/trepatavogados.com\/es\/?s={search_term_string}"},"query-input":{"@type":"PropertyValueSpecification","valueRequired":true,"valueName":"search_term_string"}}],"inLanguage":"es"},{"@type":"Organization","@id":"https:\/\/trepatavogados.com\/es\/#organization","name":"Trepat Avogados","url":"https:\/\/trepatavogados.com\/es\/","logo":{"@type":"ImageObject","inLanguage":"es","@id":"https:\/\/trepatavogados.com\/es\/#\/schema\/logo\/image\/","url":"https:\/\/trepatavogados.com\/wp-content\/uploads\/logo.png","contentUrl":"https:\/\/trepatavogados.com\/wp-content\/uploads\/logo.png","width":300,"height":50,"caption":"Trepat Avogados"},"image":{"@id":"https:\/\/trepatavogados.com\/es\/#\/schema\/logo\/image\/"}}]}},"_links":{"self":[{"href":"https:\/\/trepatavogados.com\/es\/wp-json\/wp\/v2\/pages\/486","targetHints":{"allow":["GET"]}}],"collection":[{"href":"https:\/\/trepatavogados.com\/es\/wp-json\/wp\/v2\/pages"}],"about":[{"href":"https:\/\/trepatavogados.com\/es\/wp-json\/wp\/v2\/types\/page"}],"author":[{"embeddable":true,"href":"https:\/\/trepatavogados.com\/es\/wp-json\/wp\/v2\/users\/1"}],"replies":[{"embeddable":true,"href":"https:\/\/trepatavogados.com\/es\/wp-json\/wp\/v2\/comments?post=486"}],"version-history":[{"count":15,"href":"https:\/\/trepatavogados.com\/es\/wp-json\/wp\/v2\/pages\/486\/revisions"}],"predecessor-version":[{"id":1068,"href":"https:\/\/trepatavogados.com\/es\/wp-json\/wp\/v2\/pages\/486\/revisions\/1068"}],"wp:attachment":[{"href":"https:\/\/trepatavogados.com\/es\/wp-json\/wp\/v2\/media?parent=486"}],"curies":[{"name":"wp","href":"https:\/\/api.w.org\/{rel}","templated":true}]}}